{"id":20971,"date":"2023-05-02T15:54:45","date_gmt":"2023-05-02T12:54:45","guid":{"rendered":"http:\/\/moddbeta.xyz\/zenith2\/satilik\/"},"modified":"2023-06-08T12:42:34","modified_gmt":"2023-06-08T09:42:34","slug":"for-sale","status":"publish","type":"page","link":"https:\/\/zenitistanbul.com\/en\/for-sale\/","title":{"rendered":"For Sale"},"content":{"rendered":"\t\t<div data-elementor-type=\"wp-page\" data-elementor-id=\"20971\" class=\"elementor elementor-20971 elementor-18741\">\n\t\t\t\t\t\t\t\t\t<section class=\"elementor-section elementor-top-section elementor-element elementor-element-5e596a4 elementor-section-boxed elementor-section-height-default elementor-section-height-default rt-parallax-bg-no\" data-id=\"5e596a4\" data-element_type=\"section\">\n\t\t\t\t\t\t<div class=\"elementor-container elementor-column-gap-default\">\n\t\t\t\t\t<div class=\"elementor-column elementor-col-100 elementor-top-column elementor-element elementor-element-523b14e\" data-id=\"523b14e\" data-element_type=\"column\">\n\t\t\t<div class=\"elementor-widget-wrap elementor-element-populated\">\n\t\t\t\t\t\t\t\t<div class=\"elementor-element elementor-element-5609082 elementor-widget elementor-widget-rtcl-listing-items\" data-id=\"5609082\" data-element_type=\"widget\" data-widget_type=\"rtcl-listing-items.default\">\n\t\t\t\t<div class=\"elementor-widget-container\">\n\t\t\t\n<div class=\"rtcl rtcl-listings-sc-wrapper rtcl-elementor-widget\">\n\t<div class=\"rtcl-listings-wrapper\">\n\t\t\t\t<div class=\"rtcl-listings rtcl-grid-view rtcl-style-1-view columns-3  tab-columns-2 mobile-columns-2 \">\n\t\t\t\n\t\t\t<div class=\"rtcl-widget-listing-item listing-item rtcl-listing-item post-21710 status-publish is-satis rtcl_category-project rtcl_location-istanbul-en\">\n\t\t\t\t\n\t\t\t\t\n\t\t\t\t<div class='listing-thumb'><div class='listing-thumb-inner'><a href='https:\/\/zenitistanbul.com\/en\/ilanlar\/sample\/' title='SAMPLE'><img decoding=\"async\" width=\"400\" height=\"240\" src=\"https:\/\/zenitistanbul.com\/wp-content\/uploads\/classified-listing\/2-min-2-400x240.jpg\" class=\"rtcl-thumbnail\" alt=\"2-min-2\" loading=\"lazy\" title=\"\" \/><\/a><div class=\"rtcl-meta-buttons-wrap horizontal-layout meta-button-count-1\">\t\t\t\t\t<div class=\"rtcl-fav rtcl-el-button\">\n\t\t\t\t\t<a href=\"void(0)\" class=\"rtcl-require-login \"><span class=\"rtcl-icon rtcl-icon-heart-empty\"><\/span><span class=\"favourite-label\"><\/span><\/a>\t\t\t\t\t<\/div>\n\t\t\t\t\t\t\t\t\t  \t\t\t\t\t\t\t\t\t<\/div><\/div><\/div> <div class=\"rtin-content-area\"><div class=\"item-content\"> <div class=\"category\"><a href=\"https:\/\/zenitistanbul.com\/en\/ilan-kategorileri\/project\/\">Project<\/a><\/div> <h3 class=\"listing-title rtcl-listing-title\"><a href=\"https:\/\/zenitistanbul.com\/en\/ilanlar\/sample\/\" title=\"SAMPLE\">SAMPLE<\/a><\/h3>  <ul class=\"rtcl-listing-meta-data\"><li class=\"rtin-type\"><i class=\"rtcl-icon-tags\" aria-hidden=\"true\"><\/i>Sat\u0131l\u0131k<\/li>   <li class=\"location\"><i class=\"rtcl-icon rtcl-icon-location\" aria-hidden=\"true\"><\/i>\u0130STANBUL<\/li> <\/ul>  <div class=\"rtin-right\"> <\/div><\/div><\/div>\n\t\t\t<\/div>\n\n\t\t\t\n\t\t\t<div class=\"rtcl-widget-listing-item listing-item rtcl-listing-item post-21037 status-publish is-satis rtcl_category-second-hand rtcl_location-istanbul-en\">\n\t\t\t\t\n\t\t\t\t\n\t\t\t\t<div class='listing-thumb'><div class='listing-thumb-inner'><a href='https:\/\/zenitistanbul.com\/en\/ilanlar\/41-apartment-for-sale-in-basaksehir-istanbul\/' title='4+1 Apartment For Sale in Basaksehir \/ Istanbul'><img decoding=\"async\" width=\"400\" height=\"240\" src=\"https:\/\/zenitistanbul.com\/wp-content\/uploads\/bas\u2560gaks\u2560gehir-400x240.jpg\" class=\"rtcl-thumbnail\" alt=\"bas\u2560\u011faks\u2560\u011fehir\" loading=\"lazy\" title=\"\" \/><\/a><div class=\"rtcl-meta-buttons-wrap horizontal-layout meta-button-count-1\">\t\t\t\t\t<div class=\"rtcl-fav rtcl-el-button\">\n\t\t\t\t\t<a href=\"void(0)\" class=\"rtcl-require-login \"><span class=\"rtcl-icon rtcl-icon-heart-empty\"><\/span><span class=\"favourite-label\"><\/span><\/a>\t\t\t\t\t<\/div>\n\t\t\t\t\t\t\t\t\t  \t\t\t\t\t\t\t\t\t<\/div><\/div><\/div> <div class=\"rtin-content-area\"><div class=\"item-content\"> <div class=\"category\"><a href=\"https:\/\/zenitistanbul.com\/en\/ilan-kategorileri\/second-hand\/\">Second Hand<\/a><\/div> <h3 class=\"listing-title rtcl-listing-title\"><a href=\"https:\/\/zenitistanbul.com\/en\/ilanlar\/41-apartment-for-sale-in-basaksehir-istanbul\/\" title=\"4+1 Apartment For Sale in Basaksehir \/ Istanbul\">4+1 Apartment For Sale in Basaksehir \/ Istanbul<\/a><\/h3>  <ul class=\"rtcl-listing-meta-data\"><li class=\"rtin-type\"><i class=\"rtcl-icon-tags\" aria-hidden=\"true\"><\/i>Sat\u0131l\u0131k<\/li>   <li class=\"location\"><i class=\"rtcl-icon rtcl-icon-location\" aria-hidden=\"true\"><\/i>\u0130STANBUL<\/li> <\/ul>  <div class=\"rtin-right\"> <\/div><\/div><\/div>\n\t\t\t<\/div>\n\n\t\t\t\n\t\t\t<div class=\"rtcl-widget-listing-item listing-item rtcl-listing-item post-21041 status-publish is-satis rtcl_category-newly-built rtcl_location-istanbul-en\">\n\t\t\t\t\n\t\t\t\t\n\t\t\t\t<div class='listing-thumb'><div class='listing-thumb-inner'><a href='https:\/\/zenitistanbul.com\/en\/ilanlar\/52-smart-villa-for-sale-uskudar-istanbul\/' title='5+2 Smart Villa For Sale Uskudar \/ Istanbul'><img decoding=\"async\" width=\"400\" height=\"240\" src=\"https:\/\/zenitistanbul.com\/wp-content\/uploads\/uskudar-villa-sonen111-400x240.jpeg\" class=\"rtcl-thumbnail\" alt=\"uskudar-villa-sonen111\" loading=\"lazy\" title=\"\" \/><\/a><div class=\"rtcl-meta-buttons-wrap horizontal-layout meta-button-count-1\">\t\t\t\t\t<div class=\"rtcl-fav rtcl-el-button\">\n\t\t\t\t\t<a href=\"void(0)\" class=\"rtcl-require-login \"><span class=\"rtcl-icon rtcl-icon-heart-empty\"><\/span><span class=\"favourite-label\"><\/span><\/a>\t\t\t\t\t<\/div>\n\t\t\t\t\t\t\t\t\t  \t\t\t\t\t\t\t\t\t<\/div><\/div><\/div> <div class=\"rtin-content-area\"><div class=\"item-content\"> <div class=\"category\"><a href=\"https:\/\/zenitistanbul.com\/en\/ilan-kategorileri\/newly-built\/\">Newly Built<\/a><\/div> <h3 class=\"listing-title rtcl-listing-title\"><a href=\"https:\/\/zenitistanbul.com\/en\/ilanlar\/52-smart-villa-for-sale-uskudar-istanbul\/\" title=\"5+2 Smart Villa For Sale Uskudar \/ Istanbul\">5+2 Smart Villa For Sale Uskudar \/ Istanbul<\/a><\/h3>  <ul class=\"rtcl-listing-meta-data\"><li class=\"rtin-type\"><i class=\"rtcl-icon-tags\" aria-hidden=\"true\"><\/i>Sat\u0131l\u0131k<\/li>   <li class=\"location\"><i class=\"rtcl-icon rtcl-icon-location\" aria-hidden=\"true\"><\/i>\u0130STANBUL<\/li> <\/ul>  <div class=\"rtin-right\"> <\/div><\/div><\/div>\n\t\t\t<\/div>\n\n\t\t\t\n\t\t\t<div class=\"rtcl-widget-listing-item listing-item rtcl-listing-item post-21066 status-publish is-satis rtcl_category-second-hand rtcl_location-istanbul-en\">\n\t\t\t\t\n\t\t\t\t\n\t\t\t\t<div class='listing-thumb'><div class='listing-thumb-inner'><a href='https:\/\/zenitistanbul.com\/en\/ilanlar\/building-for-sale-with-bosphorus-view-uskudar-istanbul\/' title='BUILDING FOR SALE WITH BOSPHORUS VIEW USKUDAR \/ ISTANBUL'><img decoding=\"async\" width=\"400\" height=\"240\" src=\"https:\/\/zenitistanbul.com\/wp-content\/uploads\/u\u2560esku\u2560edar-beylerbeyi-400x240.jpg\" class=\"rtcl-thumbnail\" alt=\"u\u2560\u00easku\u2560\u00eadar beylerbeyi\" loading=\"lazy\" title=\"\" \/><\/a><div class=\"rtcl-meta-buttons-wrap horizontal-layout meta-button-count-1\">\t\t\t\t\t<div class=\"rtcl-fav rtcl-el-button\">\n\t\t\t\t\t<a href=\"void(0)\" class=\"rtcl-require-login \"><span class=\"rtcl-icon rtcl-icon-heart-empty\"><\/span><span class=\"favourite-label\"><\/span><\/a>\t\t\t\t\t<\/div>\n\t\t\t\t\t\t\t\t\t  \t\t\t\t\t\t\t\t\t<\/div><\/div><\/div> <div class=\"rtin-content-area\"><div class=\"item-content\"> <div class=\"category\"><a href=\"https:\/\/zenitistanbul.com\/en\/ilan-kategorileri\/second-hand\/\">Second Hand<\/a><\/div> <h3 class=\"listing-title rtcl-listing-title\"><a href=\"https:\/\/zenitistanbul.com\/en\/ilanlar\/building-for-sale-with-bosphorus-view-uskudar-istanbul\/\" title=\"BUILDING FOR SALE WITH BOSPHORUS VIEW USKUDAR \/ ISTANBUL\">BUILDING FOR SALE WITH BOSPHORUS VIEW USKUDAR \/ ISTANBUL<\/a><\/h3>  <ul class=\"rtcl-listing-meta-data\"><li class=\"rtin-type\"><i class=\"rtcl-icon-tags\" aria-hidden=\"true\"><\/i>Sat\u0131l\u0131k<\/li>   <li class=\"location\"><i class=\"rtcl-icon rtcl-icon-location\" aria-hidden=\"true\"><\/i>\u0130STANBUL<\/li> <\/ul>  <div class=\"rtin-right\"> <\/div><\/div><\/div>\n\t\t\t<\/div>\n\n\t\t\t\n\t\t\t<div class=\"rtcl-widget-listing-item listing-item rtcl-listing-item post-21074 status-publish is-satis rtcl_category-newly-built rtcl_location-istanbul-en\">\n\t\t\t\t\n\t\t\t\t\n\t\t\t\t<div class='listing-thumb'><div class='listing-thumb-inner'><a href='https:\/\/zenitistanbul.com\/en\/ilanlar\/silivri-kavaklida-52-sifir-villa\/' title='3-STOREY 5+2 VILLA FOR SALE SILIVRI \/ ISTANBUL'><img decoding=\"async\" width=\"400\" height=\"240\" src=\"https:\/\/zenitistanbul.com\/wp-content\/uploads\/silivri-daire-400x240.jpg\" class=\"rtcl-thumbnail\" alt=\"silivri daire\" loading=\"lazy\" title=\"\" \/><\/a><div class=\"rtcl-meta-buttons-wrap horizontal-layout meta-button-count-1\">\t\t\t\t\t<div class=\"rtcl-fav rtcl-el-button\">\n\t\t\t\t\t<a href=\"void(0)\" class=\"rtcl-require-login \"><span class=\"rtcl-icon rtcl-icon-heart-empty\"><\/span><span class=\"favourite-label\"><\/span><\/a>\t\t\t\t\t<\/div>\n\t\t\t\t\t\t\t\t\t  \t\t\t\t\t\t\t\t\t<\/div><\/div><\/div> <div class=\"rtin-content-area\"><div class=\"item-content\"> <div class=\"category\"><a href=\"https:\/\/zenitistanbul.com\/en\/ilan-kategorileri\/newly-built\/\">Newly Built<\/a><\/div> <h3 class=\"listing-title rtcl-listing-title\"><a href=\"https:\/\/zenitistanbul.com\/en\/ilanlar\/silivri-kavaklida-52-sifir-villa\/\" title=\"3-STOREY 5+2 VILLA FOR SALE SILIVRI \/ ISTANBUL\">3-STOREY 5+2 VILLA FOR SALE SILIVRI \/ ISTANBUL<\/a><\/h3>  <ul class=\"rtcl-listing-meta-data\"><li class=\"rtin-type\"><i class=\"rtcl-icon-tags\" aria-hidden=\"true\"><\/i>Sat\u0131l\u0131k<\/li>   <li class=\"location\"><i class=\"rtcl-icon rtcl-icon-location\" aria-hidden=\"true\"><\/i>\u0130STANBUL<\/li> <\/ul>  <div class=\"rtin-right\"> <\/div><\/div><\/div>\n\t\t\t<\/div>\n\n\t\t\t\n\t\t\t<div class=\"rtcl-widget-listing-item listing-item rtcl-listing-item post-21068 status-publish is-satis rtcl_category-newly-built rtcl_location-istanbul-en\">\n\t\t\t\t\n\t\t\t\t\n\t\t\t\t<div class='listing-thumb'><div class='listing-thumb-inner'><a href='https:\/\/zenitistanbul.com\/en\/ilanlar\/3-storey-62-villa-for-sale-silivri-istanbul\/' title='3-STOREY 6+2 VILLA FOR SALE SILIVRI \/ ISTANBUL'><img decoding=\"async\" width=\"400\" height=\"240\" src=\"https:\/\/zenitistanbul.com\/wp-content\/uploads\/Silivri-400x240.jpg\" class=\"rtcl-thumbnail\" alt=\"Silivri\" loading=\"lazy\" title=\"\" \/><\/a><div class=\"rtcl-meta-buttons-wrap horizontal-layout meta-button-count-1\">\t\t\t\t\t<div class=\"rtcl-fav rtcl-el-button\">\n\t\t\t\t\t<a href=\"void(0)\" class=\"rtcl-require-login \"><span class=\"rtcl-icon rtcl-icon-heart-empty\"><\/span><span class=\"favourite-label\"><\/span><\/a>\t\t\t\t\t<\/div>\n\t\t\t\t\t\t\t\t\t  \t\t\t\t\t\t\t\t\t<\/div><\/div><\/div> <div class=\"rtin-content-area\"><div class=\"item-content\"> <div class=\"category\"><a href=\"https:\/\/zenitistanbul.com\/en\/ilan-kategorileri\/newly-built\/\">Newly Built<\/a><\/div> <h3 class=\"listing-title rtcl-listing-title\"><a href=\"https:\/\/zenitistanbul.com\/en\/ilanlar\/3-storey-62-villa-for-sale-silivri-istanbul\/\" title=\"3-STOREY 6+2 VILLA FOR SALE SILIVRI \/ ISTANBUL\">3-STOREY 6+2 VILLA FOR SALE SILIVRI \/ ISTANBUL<\/a><\/h3>  <ul class=\"rtcl-listing-meta-data\"><li class=\"rtin-type\"><i class=\"rtcl-icon-tags\" aria-hidden=\"true\"><\/i>Sat\u0131l\u0131k<\/li>   <li class=\"location\"><i class=\"rtcl-icon rtcl-icon-location\" aria-hidden=\"true\"><\/i>\u0130STANBUL<\/li> <\/ul>  <div class=\"rtin-right\"> <\/div><\/div><\/div>\n\t\t\t<\/div>\n\n\t\t\t\n\t\t\t<div class=\"rtcl-widget-listing-item listing-item rtcl-listing-item post-21072 status-publish is-satis rtcl_category-second-hand rtcl_location-istanbul-en\">\n\t\t\t\t\n\t\t\t\t\n\t\t\t\t<div class='listing-thumb'><div class='listing-thumb-inner'><a href='https:\/\/zenitistanbul.com\/en\/ilanlar\/11-flat-for-sale-sariyer-istanbul\/' title='1+1 FLAT FOR SALE SARIYER \/ ISTANBUL'><img decoding=\"async\" width=\"400\" height=\"240\" src=\"https:\/\/zenitistanbul.com\/wp-content\/uploads\/sar\u2500\u2592yer-400x240.jpg\" class=\"rtcl-thumbnail\" alt=\"sar\u2500\u2592yer\" loading=\"lazy\" title=\"\" \/><\/a><div class=\"rtcl-meta-buttons-wrap horizontal-layout meta-button-count-1\">\t\t\t\t\t<div class=\"rtcl-fav rtcl-el-button\">\n\t\t\t\t\t<a href=\"void(0)\" class=\"rtcl-require-login \"><span class=\"rtcl-icon rtcl-icon-heart-empty\"><\/span><span class=\"favourite-label\"><\/span><\/a>\t\t\t\t\t<\/div>\n\t\t\t\t\t\t\t\t\t  \t\t\t\t\t\t\t\t\t<\/div><\/div><\/div> <div class=\"rtin-content-area\"><div class=\"item-content\"> <div class=\"category\"><a href=\"https:\/\/zenitistanbul.com\/en\/ilan-kategorileri\/second-hand\/\">Second Hand<\/a><\/div> <h3 class=\"listing-title rtcl-listing-title\"><a href=\"https:\/\/zenitistanbul.com\/en\/ilanlar\/11-flat-for-sale-sariyer-istanbul\/\" title=\"1+1 FLAT FOR SALE SARIYER \/ ISTANBUL\">1+1 FLAT FOR SALE SARIYER \/ ISTANBUL<\/a><\/h3>  <ul class=\"rtcl-listing-meta-data\"><li class=\"rtin-type\"><i class=\"rtcl-icon-tags\" aria-hidden=\"true\"><\/i>Sat\u0131l\u0131k<\/li>   <li class=\"location\"><i class=\"rtcl-icon rtcl-icon-location\" aria-hidden=\"true\"><\/i>\u0130STANBUL<\/li> <\/ul>  <div class=\"rtin-right\"> <\/div><\/div><\/div>\n\t\t\t<\/div>\n\n\t\t\t\n\t\t\t<div class=\"rtcl-widget-listing-item listing-item rtcl-listing-item post-21036 status-publish is-satis rtcl_category-second-hand rtcl_location-istanbul-en\">\n\t\t\t\t\n\t\t\t\t\n\t\t\t\t<div class='listing-thumb'><div class='listing-thumb-inner'><a href='https:\/\/zenitistanbul.com\/en\/ilanlar\/11-apartment-for-sale-in-kucukcekmece-istanbul\/' title='1+1 APARTMENT FOR SALE IN KUCUKCEKMECE\/ISTANBUL'><img decoding=\"async\" width=\"400\" height=\"240\" src=\"https:\/\/zenitistanbul.com\/wp-content\/uploads\/Ku\u2560ec\u2560gu\u2560ekc\u2560gekmece-daire-400x240.jpg\" class=\"rtcl-thumbnail\" alt=\"Ku\u2560\u00eac\u2560\u011fu\u2560\u00eakc\u2560\u011fekmece daire\" loading=\"lazy\" title=\"\" \/><\/a><div class=\"rtcl-meta-buttons-wrap horizontal-layout meta-button-count-1\">\t\t\t\t\t<div class=\"rtcl-fav rtcl-el-button\">\n\t\t\t\t\t<a href=\"void(0)\" class=\"rtcl-require-login \"><span class=\"rtcl-icon rtcl-icon-heart-empty\"><\/span><span class=\"favourite-label\"><\/span><\/a>\t\t\t\t\t<\/div>\n\t\t\t\t\t\t\t\t\t  \t\t\t\t\t\t\t\t\t<\/div><\/div><\/div> <div class=\"rtin-content-area\"><div class=\"item-content\"> <div class=\"category\"><a href=\"https:\/\/zenitistanbul.com\/en\/ilan-kategorileri\/second-hand\/\">Second Hand<\/a><\/div> <h3 class=\"listing-title rtcl-listing-title\"><a href=\"https:\/\/zenitistanbul.com\/en\/ilanlar\/11-apartment-for-sale-in-kucukcekmece-istanbul\/\" title=\"1+1 APARTMENT FOR SALE IN KUCUKCEKMECE\/ISTANBUL\">1+1 APARTMENT FOR SALE IN KUCUKCEKMECE\/ISTANBUL<\/a><\/h3>  <ul class=\"rtcl-listing-meta-data\"><li class=\"rtin-type\"><i class=\"rtcl-icon-tags\" aria-hidden=\"true\"><\/i>Sat\u0131l\u0131k<\/li>   <li class=\"location\"><i class=\"rtcl-icon rtcl-icon-location\" aria-hidden=\"true\"><\/i>\u0130STANBUL<\/li> <\/ul>  <div class=\"rtin-right\"> <\/div><\/div><\/div>\n\t\t\t<\/div>\n\n\t\t\t\n\t\t\t<div class=\"rtcl-widget-listing-item listing-item rtcl-listing-item post-21104 status-publish is-satis rtcl_category-second-hand rtcl_location-istanbul-en\">\n\t\t\t\t\n\t\t\t\t\n\t\t\t\t<div class='listing-thumb'><div class='listing-thumb-inner'><a href='https:\/\/zenitistanbul.com\/en\/ilanlar\/21-apartment-for-sale-in-kagithane-istanbul\/' title='2+1 APARTMENT FOR SALE IN KAGITHANE\/ISTANBUL'><img decoding=\"async\" width=\"400\" height=\"240\" src=\"https:\/\/zenitistanbul.com\/wp-content\/uploads\/Kag\u2560a\u2500\u2592rhane-daire-400x240.jpg\" class=\"rtcl-thumbnail\" alt=\"Kag\u2560\u00e5\u2500\u2592rhane daire\" loading=\"lazy\" title=\"\" \/><\/a><div class=\"rtcl-meta-buttons-wrap horizontal-layout meta-button-count-1\">\t\t\t\t\t<div class=\"rtcl-fav rtcl-el-button\">\n\t\t\t\t\t<a href=\"void(0)\" class=\"rtcl-require-login \"><span class=\"rtcl-icon rtcl-icon-heart-empty\"><\/span><span class=\"favourite-label\"><\/span><\/a>\t\t\t\t\t<\/div>\n\t\t\t\t\t\t\t\t\t  \t\t\t\t\t\t\t\t\t<\/div><\/div><\/div> <div class=\"rtin-content-area\"><div class=\"item-content\"> <div class=\"category\"><a href=\"https:\/\/zenitistanbul.com\/en\/ilan-kategorileri\/second-hand\/\">Second Hand<\/a><\/div> <h3 class=\"listing-title rtcl-listing-title\"><a href=\"https:\/\/zenitistanbul.com\/en\/ilanlar\/21-apartment-for-sale-in-kagithane-istanbul\/\" title=\"2+1 APARTMENT FOR SALE IN KAGITHANE\/ISTANBUL\">2+1 APARTMENT FOR SALE IN KAGITHANE\/ISTANBUL<\/a><\/h3>  <ul class=\"rtcl-listing-meta-data\"><li class=\"rtin-type\"><i class=\"rtcl-icon-tags\" aria-hidden=\"true\"><\/i>Sat\u0131l\u0131k<\/li>   <li class=\"location\"><i class=\"rtcl-icon rtcl-icon-location\" aria-hidden=\"true\"><\/i>\u0130STANBUL<\/li> <\/ul>  <div class=\"rtin-right\"> <\/div><\/div><\/div>\n\t\t\t<\/div>\n\n\t\t\t\n\t\t\t<div class=\"rtcl-widget-listing-item listing-item rtcl-listing-item post-21124 status-publish is-satis rtcl_category-second-hand rtcl_location-istanbul-en\">\n\t\t\t\t\n\t\t\t\t\n\t\t\t\t<div class='listing-thumb'><div class='listing-thumb-inner'><a href='https:\/\/zenitistanbul.com\/en\/ilanlar\/21-apartment-for-sale-in-esenyurt-istanbul\/' title='2+1 APARTMENT FOR SALE IN ESENYURT\/ISTANBUL'><img decoding=\"async\" width=\"400\" height=\"240\" src=\"https:\/\/zenitistanbul.com\/wp-content\/uploads\/esenyur-daire-400x240.jpg\" class=\"rtcl-thumbnail\" alt=\"esenyur daire\" loading=\"lazy\" title=\"\" \/><\/a><div class=\"rtcl-meta-buttons-wrap horizontal-layout meta-button-count-1\">\t\t\t\t\t<div class=\"rtcl-fav rtcl-el-button\">\n\t\t\t\t\t<a href=\"void(0)\" class=\"rtcl-require-login \"><span class=\"rtcl-icon rtcl-icon-heart-empty\"><\/span><span class=\"favourite-label\"><\/span><\/a>\t\t\t\t\t<\/div>\n\t\t\t\t\t\t\t\t\t  \t\t\t\t\t\t\t\t\t<\/div><\/div><\/div> <div class=\"rtin-content-area\"><div class=\"item-content\"> <div class=\"category\"><a href=\"https:\/\/zenitistanbul.com\/en\/ilan-kategorileri\/second-hand\/\">Second Hand<\/a><\/div> <h3 class=\"listing-title rtcl-listing-title\"><a href=\"https:\/\/zenitistanbul.com\/en\/ilanlar\/21-apartment-for-sale-in-esenyurt-istanbul\/\" title=\"2+1 APARTMENT FOR SALE IN ESENYURT\/ISTANBUL\">2+1 APARTMENT FOR SALE IN ESENYURT\/ISTANBUL<\/a><\/h3>  <ul class=\"rtcl-listing-meta-data\"><li class=\"rtin-type\"><i class=\"rtcl-icon-tags\" aria-hidden=\"true\"><\/i>Sat\u0131l\u0131k<\/li>   <li class=\"location\"><i class=\"rtcl-icon rtcl-icon-location\" aria-hidden=\"true\"><\/i>\u0130STANBUL<\/li> <\/ul>  <div class=\"rtin-right\"> <\/div><\/div><\/div>\n\t\t\t<\/div>\n\n\t\t\t\t\t\t\n\t\t<\/div>\n\t\t\t<\/div>\n<\/div>\n\t\t<\/div>\n\t\t\t\t<\/div>\n\t\t\t\t\t<\/div>\n\t\t<\/div>\n\t\t\t\t\t\t\t<\/div>\n\t\t<\/section>\n\t\t\t\t\t\t\t<\/div>\n\t\t","protected":false},"excerpt":{"rendered":"<p>Konut Greenox Rezidans Daire 2 Sat\u0131l\u0131k \u0130stanbul Konut Greenox Rezidans Daire Sat\u0131l\u0131k \u0130stanbul<\/p>\n","protected":false},"author":1,"featured_media":0,"parent":0,"menu_order":0,"comment_status":"closed","ping_status":"closed","template":"elementor_header_footer","meta":{"_rtcl_gb_attr":"","_mi_skip_tracking":false},"_links":{"self":[{"href":"https:\/\/zenitistanbul.com\/en\/wp-json\/wp\/v2\/pages\/20971"}],"collection":[{"href":"https:\/\/zenitistanbul.com\/en\/wp-json\/wp\/v2\/pages"}],"about":[{"href":"https:\/\/zenitistanbul.com\/en\/wp-json\/wp\/v2\/types\/page"}],"author":[{"embeddable":true,"href":"https:\/\/zenitistanbul.com\/en\/wp-json\/wp\/v2\/users\/1"}],"replies":[{"embeddable":true,"href":"https:\/\/zenitistanbul.com\/en\/wp-json\/wp\/v2\/comments?post=20971"}],"version-history":[{"count":1,"href":"https:\/\/zenitistanbul.com\/en\/wp-json\/wp\/v2\/pages\/20971\/revisions"}],"predecessor-version":[{"id":20972,"href":"https:\/\/zenitistanbul.com\/en\/wp-json\/wp\/v2\/pages\/20971\/revisions\/20972"}],"wp:attachment":[{"href":"https:\/\/zenitistanbul.com\/en\/wp-json\/wp\/v2\/media?parent=20971"}],"curies":[{"name":"wp","href":"https:\/\/api.w.org\/{rel}","templated":true}]}}