{"id":20863,"date":"2021-01-12T03:28:54","date_gmt":"2021-01-12T00:28:54","guid":{"rendered":"http:\/\/moddbeta.xyz\/zenith2\/biz-kimiz\/"},"modified":"2023-06-19T16:57:25","modified_gmt":"2023-06-19T13:57:25","slug":"who-are-we","status":"publish","type":"page","link":"https:\/\/zenitistanbul.com\/en\/who-are-we\/","title":{"rendered":"Who Are We?"},"content":{"rendered":"\t\t<div data-elementor-type=\"wp-page\" data-elementor-id=\"20863\" class=\"elementor elementor-20863 elementor-3941\">\n\t\t\t\t\t\t\t\t\t<section class=\"elementor-section elementor-top-section elementor-element elementor-element-6367aa6d elementor-section-height-full elementor-section-full_width elementor-section-height-default elementor-section-items-middle rt-parallax-bg-no\" data-id=\"6367aa6d\" data-element_type=\"section\" data-settings=\"{&quot;background_background&quot;:&quot;classic&quot;,&quot;shape_divider_bottom&quot;:&quot;curve&quot;,&quot;shape_divider_bottom_negative&quot;:&quot;yes&quot;}\">\n\t\t\t\t\t<div class=\"elementor-shape elementor-shape-bottom\" data-negative=\"true\">\n\t\t\t<svg xmlns=\"http:\/\/www.w3.org\/2000\/svg\" viewBox=\"0 0 1000 100\" preserveAspectRatio=\"none\">\n\t<path class=\"elementor-shape-fill\" d=\"M500,97C126.7,96.3,0.8,19.8,0,0v100l1000,0V1C1000,19.4,873.3,97.8,500,97z\"\/>\n<\/svg>\t\t<\/div>\n\t\t\t\t\t<div class=\"elementor-container elementor-column-gap-default\">\n\t\t\t\t\t<div class=\"elementor-column elementor-col-100 elementor-top-column elementor-element elementor-element-16504536\" data-id=\"16504536\" data-element_type=\"column\" data-settings=\"{&quot;background_background&quot;:&quot;classic&quot;,&quot;animation&quot;:&quot;none&quot;}\">\n\t\t\t<div class=\"elementor-widget-wrap\">\n\t\t\t\t\t\t\t\t\t<\/div>\n\t\t<\/div>\n\t\t\t\t\t\t\t<\/div>\n\t\t<\/section>\n\t\t\t\t<section class=\"elementor-section elementor-top-section elementor-element elementor-element-bd269f3 elementor-reverse-mobile elementor-section-boxed elementor-section-height-default elementor-section-height-default rt-parallax-bg-no\" data-id=\"bd269f3\" data-element_type=\"section\">\n\t\t\t\t\t\t\t<div class=\"elementor-background-overlay\"><\/div>\n\t\t\t\t\t\t\t<div class=\"elementor-container elementor-column-gap-default\">\n\t\t\t\t\t<div class=\"elementor-column elementor-col-50 elementor-top-column elementor-element elementor-element-7a65f34\" data-id=\"7a65f34\" data-element_type=\"column\">\n\t\t\t<div class=\"elementor-widget-wrap elementor-element-populated\">\n\t\t\t\t\t\t\t\t<div class=\"elementor-element elementor-element-cff0832 elementor-invisible elementor-widget elementor-widget-image\" data-id=\"cff0832\" data-element_type=\"widget\" data-settings=\"{&quot;_animation&quot;:&quot;fadeInLeft&quot;}\" data-widget_type=\"image.default\">\n\t\t\t\t<div class=\"elementor-widget-container\">\n\t\t\t\t\t\t\t\t\t\t\t\t\t\t\t<img decoding=\"async\" width=\"1386\" height=\"924\" src=\"https:\/\/zenitistanbul.com\/wp-content\/uploads\/zenit2.jpg\" class=\"attachment-full size-full wp-image-20535\" alt=\"\" loading=\"lazy\" title=\"\" \/>\t\t\t\t\t\t\t\t\t\t\t\t\t\t\t<\/div>\n\t\t\t\t<\/div>\n\t\t\t\t\t<\/div>\n\t\t<\/div>\n\t\t\t\t<div class=\"elementor-column elementor-col-50 elementor-top-column elementor-element elementor-element-9e8eb04\" data-id=\"9e8eb04\" data-element_type=\"column\">\n\t\t\t<div class=\"elementor-widget-wrap elementor-element-populated\">\n\t\t\t\t\t\t\t\t<div class=\"elementor-element elementor-element-f5d8b38 elementor-invisible elementor-widget elementor-widget-rt-title\" data-id=\"f5d8b38\" data-element_type=\"widget\" data-settings=\"{&quot;_animation&quot;:&quot;fadeInUp&quot;}\" data-widget_type=\"rt-title.default\">\n\t\t\t\t<div class=\"elementor-widget-container\">\n\t\t\t<div class=\"section-title-wrapper\">\r\n\r\n    <!--Background Title-->\r\n    \r\n    <div class=\"title-inner-wrapper\">\r\n\r\n        <!--Top Sub Title-->\r\n        \r\n        <!--Main Title-->\r\n                    <h2 class=\"main-title\">Mission<\/h2>\r\n        \r\n        <!--Description-->\r\n                    <div class=\"description\">We carry out all of our work knowing that 'investment' actions are financial transactions and significant milestones in our lives that shape our present and future. For this purpose, we first understand our customers' expectations, explore opportunities aligned with their demands, and facilitate the decision-making process that will generate the most accurate short- and long-term results for all stakeholders involved.<\/div>\r\n            <\/div>\r\n<\/div>\t\t<\/div>\n\t\t\t\t<\/div>\n\t\t\t\t<div class=\"elementor-element elementor-element-c897f16 elementor-invisible elementor-widget elementor-widget-rt-title\" data-id=\"c897f16\" data-element_type=\"widget\" data-settings=\"{&quot;_animation&quot;:&quot;fadeInUp&quot;}\" data-widget_type=\"rt-title.default\">\n\t\t\t\t<div class=\"elementor-widget-container\">\n\t\t\t<div class=\"section-title-wrapper\">\r\n\r\n    <!--Background Title-->\r\n    \r\n    <div class=\"title-inner-wrapper\">\r\n\r\n        <!--Top Sub Title-->\r\n        \r\n        <!--Main Title-->\r\n                    <h2 class=\"main-title\">Vision<\/h2>\r\n        \r\n        <!--Description-->\r\n                    <div class=\"description\">Developing pioneering strategies in the sector we participate in and adopting an innovative and modern business approach that aligns with the spirit of the times is our most significant vision.<br>\nAccordingly, we approach all our commercial activities globally and aim to exceed expectations by providing consultancy services beyond boundaries.\n<\/div>\r\n            <\/div>\r\n<\/div>\t\t<\/div>\n\t\t\t\t<\/div>\n\t\t\t\t\t<\/div>\n\t\t<\/div>\n\t\t\t\t\t\t\t<\/div>\n\t\t<\/section>\n\t\t\t\t<section class=\"elementor-section elementor-top-section elementor-element elementor-element-86bbef4 elementor-section-content-middle elementor-section-boxed elementor-section-height-default elementor-section-height-default rt-parallax-bg-no\" data-id=\"86bbef4\" data-element_type=\"section\">\n\t\t\t\t\t\t<div class=\"elementor-container elementor-column-gap-default\">\n\t\t\t\t\t<div class=\"elementor-column elementor-col-50 elementor-top-column elementor-element elementor-element-d07bfcf\" data-id=\"d07bfcf\" data-element_type=\"column\">\n\t\t\t<div class=\"elementor-widget-wrap elementor-element-populated\">\n\t\t\t\t\t\t\t\t<div class=\"elementor-element elementor-element-4ad0c5a elementor-invisible elementor-widget elementor-widget-rt-title\" data-id=\"4ad0c5a\" data-element_type=\"widget\" data-settings=\"{&quot;_animation&quot;:&quot;fadeInUp&quot;}\" data-widget_type=\"rt-title.default\">\n\t\t\t\t<div class=\"elementor-widget-container\">\n\t\t\t<div class=\"section-title-wrapper\">\r\n\r\n    <!--Background Title-->\r\n    \r\n    <div class=\"title-inner-wrapper\">\r\n\r\n        <!--Top Sub Title-->\r\n        \r\n        <!--Main Title-->\r\n                    <h3 class=\"main-title\">Our Values<\/h3>\r\n        \r\n        <!--Description-->\r\n                    <div class=\"description\"><ul>\n \t<li>\u2022 We are honest, hardworking, and responsible.\n<\/li>\n \t<li>\u2022 Being trustworthy and transparent is our biggest priority.<\/li>\n \t<li>\u2022 We have a long-term service approach.<\/li>\n \t<li>\u2022 We believe in the power of collaboration and sharing information.<\/li>\n<\/ul><\/div>\r\n            <\/div>\r\n<\/div>\t\t<\/div>\n\t\t\t\t<\/div>\n\t\t\t\t\t<\/div>\n\t\t<\/div>\n\t\t\t\t<div class=\"elementor-column elementor-col-50 elementor-top-column elementor-element elementor-element-084288b\" data-id=\"084288b\" data-element_type=\"column\">\n\t\t\t<div class=\"elementor-widget-wrap elementor-element-populated\">\n\t\t\t\t\t\t\t\t<div class=\"elementor-element elementor-element-b0e640f elementor-widget elementor-widget-image\" data-id=\"b0e640f\" data-element_type=\"widget\" data-widget_type=\"image.default\">\n\t\t\t\t<div class=\"elementor-widget-container\">\n\t\t\t\t\t\t\t\t\t\t\t\t\t\t\t<img decoding=\"async\" width=\"1024\" height=\"683\" src=\"https:\/\/zenitistanbul.com\/wp-content\/uploads\/zenit1-1024x683.jpg\" class=\"attachment-large size-large wp-image-20536\" alt=\"\" loading=\"lazy\" title=\"\" \/>\t\t\t\t\t\t\t\t\t\t\t\t\t\t\t<\/div>\n\t\t\t\t<\/div>\n\t\t\t\t\t<\/div>\n\t\t<\/div>\n\t\t\t\t\t\t\t<\/div>\n\t\t<\/section>\n\t\t\t\t<section data-speed=\"0.5\" data-bg-image=\"https:\/\/zenitistanbul.com\/wp-content\/uploads\/zenit-istanbul.jpg\" class=\"elementor-section elementor-top-section elementor-element elementor-element-f166454 elementor-section-height-min-height rt-parallax-bg-yes elementor-section-boxed elementor-section-height-default elementor-section-items-middle rt-parallax-transition-off\" data-id=\"f166454\" data-element_type=\"section\" data-settings=\"{&quot;background_background&quot;:&quot;classic&quot;}\">\n\t\t\t\t\t\t\t<div class=\"elementor-background-overlay\"><\/div>\n\t\t\t\t\t\t\t<div class=\"elementor-container elementor-column-gap-default\">\n\t\t\t\t\t<div class=\"elementor-column elementor-col-33 elementor-top-column elementor-element elementor-element-15bdfd7 elementor-invisible\" data-id=\"15bdfd7\" data-element_type=\"column\" data-settings=\"{&quot;background_background&quot;:&quot;classic&quot;,&quot;animation&quot;:&quot;slideInUp&quot;,&quot;animation_delay&quot;:100}\">\n\t\t\t<div class=\"elementor-widget-wrap elementor-element-populated\">\n\t\t\t\t\t\t\t\t<div class=\"elementor-element elementor-element-cffc885 elementor-widget elementor-widget-rt-title\" data-id=\"cffc885\" data-element_type=\"widget\" data-widget_type=\"rt-title.default\">\n\t\t\t\t<div class=\"elementor-widget-container\">\n\t\t\t<div class=\"section-title-wrapper\">\r\n\r\n    <!--Background Title-->\r\n    \r\n    <div class=\"title-inner-wrapper\">\r\n\r\n        <!--Top Sub Title-->\r\n                    <div class=\"top-sub-title-wrap\">\r\n                <span class=\"top-sub-title\">\r\n                    <i style=\"margin-right:5px\" class=\"fa fa-circle\" aria-hidden=\"true\"><\/i>ZENIT ISTANBUL                <\/span>\r\n            <\/div>\r\n        \r\n        <!--Main Title-->\r\n        \r\n        <!--Description-->\r\n            <\/div>\r\n<\/div>\t\t<\/div>\n\t\t\t\t<\/div>\n\t\t\t\t<div class=\"elementor-element elementor-element-68e3f76 elementor-widget elementor-widget-rt-video-icon\" data-id=\"68e3f76\" data-element_type=\"widget\" data-widget_type=\"rt-video-icon.default\">\n\t\t\t\t<div class=\"elementor-widget-container\">\n\t\t\t<div class=\"rt-video-icon-wrapper icon-style2\" style=\"\">\r\n    <div class=\"video-icon-inner\">\r\n        <div class=\"icon-left\">\r\n            <div class=\"icon-box\">\r\n                <a class=\"popup-youtube video-popup-icon\" href=\"https:\/\/www.youtube.com\/watch?v=cLS2wPX6lTQ\" rel=\"nofollow noopener\" target=\"_blank\">\r\n                    <span class=\"triangle\"><\/span>\r\n                    <span class=\"rt-ripple-effect\" style=\"\"><\/span>\r\n                <\/a>\r\n            <\/div>\r\n        <\/div>\r\n\t\t            <div class=\"icon-right\">\r\n                <a class=\"popup-youtube button-text\" href=\"https:\/\/www.youtube.com\/watch?v=cLS2wPX6lTQ\" rel=\"nofollow noopener\" target=\"_blank\">\r\n                    Watch the video                <\/a>\r\n            <\/div>\r\n\t\t    <\/div>\r\n<\/div>\r\n\r\n\t\t<\/div>\n\t\t\t\t<\/div>\n\t\t\t\t\t<\/div>\n\t\t<\/div>\n\t\t\t\t<div class=\"elementor-column elementor-col-66 elementor-top-column elementor-element elementor-element-ffb0d6b\" data-id=\"ffb0d6b\" data-element_type=\"column\">\n\t\t\t<div class=\"elementor-widget-wrap elementor-element-populated\">\n\t\t\t\t\t\t\t\t<div class=\"elementor-element elementor-element-35cd354 elementor-invisible elementor-widget elementor-widget-rt-title\" data-id=\"35cd354\" data-element_type=\"widget\" data-settings=\"{&quot;_animation&quot;:&quot;slideInUp&quot;,&quot;_animation_delay&quot;:200}\" data-widget_type=\"rt-title.default\">\n\t\t\t\t<div class=\"elementor-widget-container\">\n\t\t\t<div class=\"section-title-wrapper\">\r\n\r\n    <!--Background Title-->\r\n    \t    <div class=\"bg-title-wrap\">\r\n            <span class=\"background-title solid\">\r\n                Property For All            <\/span>\r\n        <\/div>\r\n    \r\n    <div class=\"title-inner-wrapper\">\r\n\r\n        <!--Top Sub Title-->\r\n        \r\n        <!--Main Title-->\r\n        \r\n        <!--Description-->\r\n            <\/div>\r\n<\/div>\t\t<\/div>\n\t\t\t\t<\/div>\n\t\t\t\t\t<\/div>\n\t\t<\/div>\n\t\t\t\t\t\t\t<\/div>\n\t\t<\/section>\n\t\t\t\t<section class=\"elementor-section elementor-top-section elementor-element elementor-element-1b02702 elementor-section-boxed elementor-section-height-default elementor-section-height-default rt-parallax-bg-no\" data-id=\"1b02702\" data-element_type=\"section\">\n\t\t\t\t\t\t<div class=\"elementor-container elementor-column-gap-default\">\n\t\t\t\t\t<div class=\"elementor-column elementor-col-100 elementor-top-column elementor-element elementor-element-a61922c\" data-id=\"a61922c\" data-element_type=\"column\">\n\t\t\t<div class=\"elementor-widget-wrap elementor-element-populated\">\n\t\t\t\t\t\t\t\t<div class=\"elementor-element elementor-element-2c15292 elementor-widget elementor-widget-rt-title\" data-id=\"2c15292\" data-element_type=\"widget\" data-widget_type=\"rt-title.default\">\n\t\t\t\t<div class=\"elementor-widget-container\">\n\t\t\t<div class=\"section-title-wrapper\">\r\n\r\n    <!--Background Title-->\r\n    \r\n    <div class=\"title-inner-wrapper\">\r\n\r\n        <!--Top Sub Title-->\r\n                    <div class=\"top-sub-title-wrap\">\r\n                <span class=\"top-sub-title\">\r\n                    The Zenit Istanbul                 <\/span>\r\n            <\/div>\r\n        \r\n        <!--Main Title-->\r\n                    <h2 class=\"main-title\">Team<\/h2>\r\n        \r\n        <!--Description-->\r\n            <\/div>\r\n<\/div>\t\t<\/div>\n\t\t\t\t<\/div>\n\t\t\t\t<section class=\"elementor-section elementor-inner-section elementor-element elementor-element-70f799b elementor-section-boxed elementor-section-height-default elementor-section-height-default rt-parallax-bg-no elementor-invisible\" data-id=\"70f799b\" data-element_type=\"section\" data-settings=\"{&quot;animation&quot;:&quot;fadeInUp&quot;,&quot;animation_delay&quot;:100}\">\n\t\t\t\t\t\t<div class=\"elementor-container elementor-column-gap-default\">\n\t\t\t\t\t<div class=\"elementor-column elementor-col-33 elementor-inner-column elementor-element elementor-element-fb9df9d\" data-id=\"fb9df9d\" data-element_type=\"column\">\n\t\t\t<div class=\"elementor-widget-wrap elementor-element-populated\">\n\t\t\t\t\t\t\t\t<div class=\"elementor-element elementor-element-1bcdb8c elementor-widget elementor-widget-rt-agents\" data-id=\"1bcdb8c\" data-element_type=\"widget\" data-widget_type=\"rt-agents.default\">\n\t\t\t\t<div class=\"elementor-widget-container\">\n\t\t\t\r\n<div class=\"rt-agents-wrapper style2\">\r\n\r\n\r\n        <div class=\"agent-block\">\r\n            <div class=\"item-img\">\r\n\t            <img width=\"237\" height=\"255\" src=\"https:\/\/zenitistanbul.com\/wp-content\/uploads\/Artboard-1-copy-1.jpg\" class=\"attachment-large size-large wp-image-19483\" alt=\"\" decoding=\"async\" loading=\"lazy\" title=\"\" \/>\r\n\t                        <\/div>\r\n            <div class=\"item-content\">\r\n                <div class=\"item-title\">\r\n                    <h3 class=\"agent-name\">G\u00fcrkan F\u0131rat<\/h3>\r\n\t                                        <h4 class=\"item-subtitle\">\r\n\t\t\t                <a href=\"\" target=\"_blank\" rel=\"nofollow\">\t\t\t                gurkanfirat@zenitistanbul.com\t\t\t                <\/a>                        <\/h4>\r\n\t                                <\/div>\r\n\r\n\t                        <\/div>\r\n        <\/div>\r\n\r\n\r\n<\/div>\r\n\t\t<\/div>\n\t\t\t\t<\/div>\n\t\t\t\t\t<\/div>\n\t\t<\/div>\n\t\t\t\t<div class=\"elementor-column elementor-col-33 elementor-inner-column elementor-element elementor-element-8211860\" data-id=\"8211860\" data-element_type=\"column\">\n\t\t\t<div class=\"elementor-widget-wrap elementor-element-populated\">\n\t\t\t\t\t\t\t\t<div class=\"elementor-element elementor-element-2eb11fa elementor-widget elementor-widget-rt-agents\" data-id=\"2eb11fa\" data-element_type=\"widget\" data-widget_type=\"rt-agents.default\">\n\t\t\t\t<div class=\"elementor-widget-container\">\n\t\t\t\r\n<div class=\"rt-agents-wrapper style2\">\r\n\r\n\r\n        <div class=\"agent-block\">\r\n            <div class=\"item-img\">\r\n\t            <img width=\"474\" height=\"510\" src=\"https:\/\/zenitistanbul.com\/wp-content\/uploads\/Artboard-3.jpg\" class=\"attachment-large size-large wp-image-19196\" alt=\"\" decoding=\"async\" loading=\"lazy\" title=\"\" \/>\r\n\t                        <\/div>\r\n            <div class=\"item-content\">\r\n                <div class=\"item-title\">\r\n                    <h3 class=\"agent-name\">M\u00fccahit Pehlivan<\/h3>\r\n\t                                        <h4 class=\"item-subtitle\">\r\n\t\t\t                <a href=\"\" target=\"_blank\" rel=\"nofollow\">\t\t\t                mucahitpehlivan@zenitistanbul.com\t\t\t                <\/a>                        <\/h4>\r\n\t                                <\/div>\r\n\r\n\t                        <\/div>\r\n        <\/div>\r\n\r\n\r\n<\/div>\r\n\t\t<\/div>\n\t\t\t\t<\/div>\n\t\t\t\t\t<\/div>\n\t\t<\/div>\n\t\t\t\t<div class=\"elementor-column elementor-col-33 elementor-inner-column elementor-element elementor-element-d8afcae\" data-id=\"d8afcae\" data-element_type=\"column\">\n\t\t\t<div class=\"elementor-widget-wrap elementor-element-populated\">\n\t\t\t\t\t\t\t\t<div class=\"elementor-element elementor-element-7bb94be elementor-widget elementor-widget-rt-agents\" data-id=\"7bb94be\" data-element_type=\"widget\" data-widget_type=\"rt-agents.default\">\n\t\t\t\t<div class=\"elementor-widget-container\">\n\t\t\t\r\n<div class=\"rt-agents-wrapper style2\">\r\n\r\n\r\n        <div class=\"agent-block\">\r\n            <div class=\"item-img\">\r\n\t            <img width=\"474\" height=\"510\" src=\"https:\/\/zenitistanbul.com\/wp-content\/uploads\/merve.jpg\" class=\"attachment-large size-large wp-image-19193\" alt=\"\" decoding=\"async\" loading=\"lazy\" title=\"\" \/>\r\n\t                        <\/div>\r\n            <div class=\"item-content\">\r\n                <div class=\"item-title\">\r\n                    <h3 class=\"agent-name\">Merve Turhan<\/h3>\r\n\t                                        <h4 class=\"item-subtitle\">\r\n\t\t\t                <a href=\"\" target=\"_blank\" rel=\"nofollow\">\t\t\t                merveturhan@zenitistanbul.com\t\t\t                <\/a>                        <\/h4>\r\n\t                                <\/div>\r\n\r\n\t                        <\/div>\r\n        <\/div>\r\n\r\n\r\n<\/div>\r\n\t\t<\/div>\n\t\t\t\t<\/div>\n\t\t\t\t\t<\/div>\n\t\t<\/div>\n\t\t\t\t\t\t\t<\/div>\n\t\t<\/section>\n\t\t\t\t<section class=\"elementor-section elementor-inner-section elementor-element elementor-element-e82ba4e elementor-section-boxed elementor-section-height-default elementor-section-height-default rt-parallax-bg-no elementor-invisible\" data-id=\"e82ba4e\" data-element_type=\"section\" data-settings=\"{&quot;animation&quot;:&quot;fadeInUp&quot;,&quot;animation_delay&quot;:100}\">\n\t\t\t\t\t\t<div class=\"elementor-container elementor-column-gap-default\">\n\t\t\t\t\t<div class=\"elementor-column elementor-col-33 elementor-inner-column elementor-element elementor-element-bcdf31e\" data-id=\"bcdf31e\" data-element_type=\"column\">\n\t\t\t<div class=\"elementor-widget-wrap elementor-element-populated\">\n\t\t\t\t\t\t\t\t<div class=\"elementor-element elementor-element-5e53235 elementor-widget elementor-widget-rt-agents\" data-id=\"5e53235\" data-element_type=\"widget\" data-widget_type=\"rt-agents.default\">\n\t\t\t\t<div class=\"elementor-widget-container\">\n\t\t\t\r\n<div class=\"rt-agents-wrapper style2\">\r\n\r\n\r\n        <div class=\"agent-block\">\r\n            <div class=\"item-img\">\r\n\t            <img width=\"474\" height=\"510\" src=\"https:\/\/zenitistanbul.com\/wp-content\/uploads\/Artboard-1.jpg\" class=\"attachment-large size-large wp-image-19195\" alt=\"\" decoding=\"async\" loading=\"lazy\" title=\"\" \/>\r\n\t                        <\/div>\r\n            <div class=\"item-content\">\r\n                <div class=\"item-title\">\r\n                    <h3 class=\"agent-name\">Furkan Akal\u0131n<\/h3>\r\n\t                                        <h4 class=\"item-subtitle\">\r\n\t\t\t                <a href=\"\" target=\"_blank\" rel=\"nofollow\">\t\t\t                furkanakalin@zenitistanbul.com\t\t\t                <\/a>                        <\/h4>\r\n\t                                <\/div>\r\n\r\n\t                        <\/div>\r\n        <\/div>\r\n\r\n\r\n<\/div>\r\n\t\t<\/div>\n\t\t\t\t<\/div>\n\t\t\t\t\t<\/div>\n\t\t<\/div>\n\t\t\t\t<div class=\"elementor-column elementor-col-33 elementor-inner-column elementor-element elementor-element-0ce1ab8\" data-id=\"0ce1ab8\" data-element_type=\"column\">\n\t\t\t<div class=\"elementor-widget-wrap elementor-element-populated\">\n\t\t\t\t\t\t\t\t<div class=\"elementor-element elementor-element-2abf4f6 elementor-widget elementor-widget-rt-agents\" data-id=\"2abf4f6\" data-element_type=\"widget\" data-widget_type=\"rt-agents.default\">\n\t\t\t\t<div class=\"elementor-widget-container\">\n\t\t\t\r\n<div class=\"rt-agents-wrapper style2\">\r\n\r\n\r\n        <div class=\"agent-block\">\r\n            <div class=\"item-img\">\r\n\t            <img width=\"237\" height=\"255\" src=\"https:\/\/zenitistanbul.com\/wp-content\/uploads\/Artboard-1-1.jpg\" class=\"attachment-large size-large wp-image-19484\" alt=\"\" decoding=\"async\" loading=\"lazy\" title=\"\" \/>\r\n\t                        <\/div>\r\n            <div class=\"item-content\">\r\n                <div class=\"item-title\">\r\n                    <h3 class=\"agent-name\">S\u0131dd\u0131k Sar\u0131g\u00f6l<\/h3>\r\n\t                                        <h4 class=\"item-subtitle\">\r\n\t\t\t                <a href=\"\" target=\"_blank\" rel=\"nofollow\">\t\t\t                siddiksarigol@zenitistanbul.com\t\t\t                <\/a>                        <\/h4>\r\n\t                                <\/div>\r\n\r\n\t                        <\/div>\r\n        <\/div>\r\n\r\n\r\n<\/div>\r\n\t\t<\/div>\n\t\t\t\t<\/div>\n\t\t\t\t\t<\/div>\n\t\t<\/div>\n\t\t\t\t<div class=\"elementor-column elementor-col-33 elementor-inner-column elementor-element elementor-element-ea9769d\" data-id=\"ea9769d\" data-element_type=\"column\">\n\t\t\t<div class=\"elementor-widget-wrap elementor-element-populated\">\n\t\t\t\t\t\t\t\t<div class=\"elementor-element elementor-element-7420dee elementor-widget elementor-widget-rt-agents\" data-id=\"7420dee\" data-element_type=\"widget\" data-widget_type=\"rt-agents.default\">\n\t\t\t\t<div class=\"elementor-widget-container\">\n\t\t\t\r\n<div class=\"rt-agents-wrapper style2\">\r\n\r\n\r\n        <div class=\"agent-block\">\r\n            <div class=\"item-img\">\r\n\t            <img width=\"474\" height=\"510\" src=\"https:\/\/zenitistanbul.com\/wp-content\/uploads\/Artboard-1-copy.jpg\" class=\"attachment-large size-large wp-image-19194\" alt=\"\" decoding=\"async\" loading=\"lazy\" title=\"\" \/>\r\n\t                        <\/div>\r\n            <div class=\"item-content\">\r\n                <div class=\"item-title\">\r\n                    <h3 class=\"agent-name\">Bar\u0131\u015f F\u0131rat<\/h3>\r\n\t                                        <h4 class=\"item-subtitle\">\r\n\t\t\t                <a href=\"\" target=\"_blank\" rel=\"nofollow\">\t\t\t                barisfirat@zenitistanbul.com\t\t\t                <\/a>                        <\/h4>\r\n\t                                <\/div>\r\n\r\n\t                        <\/div>\r\n        <\/div>\r\n\r\n\r\n<\/div>\r\n\t\t<\/div>\n\t\t\t\t<\/div>\n\t\t\t\t\t<\/div>\n\t\t<\/div>\n\t\t\t\t\t\t\t<\/div>\n\t\t<\/section>\n\t\t\t\t\t<\/div>\n\t\t<\/div>\n\t\t\t\t\t\t\t<\/div>\n\t\t<\/section>\n\t\t\t\t\t\t\t<\/div>\n\t\t","protected":false},"excerpt":{"rendered":"<p>Mission We carry out all of our work knowing that &#8216;investment&#8217; actions are financial transactions and significant milestones in our lives that shape our present and future. For this purpose, we first understand our customers&#8217; expectations, explore opportunities aligned with their demands, and facilitate the decision-making process that will generate the most accurate short- and &#8230;<\/p>\n","protected":false},"author":1,"featured_media":0,"parent":0,"menu_order":0,"comment_status":"closed","ping_status":"closed","template":"elementor_header_footer","meta":{"_rtcl_gb_attr":"","_mi_skip_tracking":false},"_links":{"self":[{"href":"https:\/\/zenitistanbul.com\/en\/wp-json\/wp\/v2\/pages\/20863"}],"collection":[{"href":"https:\/\/zenitistanbul.com\/en\/wp-json\/wp\/v2\/pages"}],"about":[{"href":"https:\/\/zenitistanbul.com\/en\/wp-json\/wp\/v2\/types\/page"}],"author":[{"embeddable":true,"href":"https:\/\/zenitistanbul.com\/en\/wp-json\/wp\/v2\/users\/1"}],"replies":[{"embeddable":true,"href":"https:\/\/zenitistanbul.com\/en\/wp-json\/wp\/v2\/comments?post=20863"}],"version-history":[{"count":10,"href":"https:\/\/zenitistanbul.com\/en\/wp-json\/wp\/v2\/pages\/20863\/revisions"}],"predecessor-version":[{"id":21482,"href":"https:\/\/zenitistanbul.com\/en\/wp-json\/wp\/v2\/pages\/20863\/revisions\/21482"}],"wp:attachment":[{"href":"https:\/\/zenitistanbul.com\/en\/wp-json\/wp\/v2\/media?parent=20863"}],"curies":[{"name":"wp","href":"https:\/\/api.w.org\/{rel}","templated":true}]}}